{"id":120,"date":"2023-12-04T09:42:06","date_gmt":"2023-12-04T15:42:06","guid":{"rendered":"https:\/\/shotpruebas.com\/super-sale\/?page_id=120"},"modified":"2023-12-04T13:44:27","modified_gmt":"2023-12-04T19:44:27","slug":"aviso-de-privacidad","status":"publish","type":"page","link":"https:\/\/shotpruebas.com\/super-sale\/aviso-de-privacidad\/","title":{"rendered":"Aviso de privacidad"},"content":{"rendered":"<p><strong>Fecha de Creaci\u00f3n: 25 de febrero de 2021<\/strong><\/p>\n<p>Cumpliendo con lo establecido en la Ley Federal de Protecci\u00f3n de Datos Personales en Posesi\u00f3n de Particulares, en adelante la \u201cLey\u201d; CENTRO DE ASESOR\u00cdA INMOBILIARIA S.A. DE C.V., CONSTRUCTORES DE DESARROLLADORES Y ASOCIADOS S.A. DE C.V. SEDE INMOBILIARIA, S.A. DE C.V., en adelante y todas en conjunto (\u201cCONDOCASA\u201d), con domicilio en Ave. Francisco I. Madero 1955 Pte. Zona Centro, Monterrey, N.L. C.P. 64000, M\u00e9xico, es responsable del uso, tratamiento y protecci\u00f3n de la informaci\u00f3n y datos personales que recabe de usted o de aquellos a los que tuviere acceso por cualquier medio para brindarle alg\u00fan servicio, entre los cuales est\u00e1n el dominio www.condocasa.mx y la aplicaci\u00f3n CondoApp. Si usted no manifiesta su negativa para el tratamiento de sus datos, en el formato habilitado en este aviso para ejercer sus derechos ARCO, entenderemos que ha otorgado su consentimiento.<\/p>\n<h2>Datos Personales Recabados.<\/h2>\n<p>Los datos que \u201cCONDOCASA\u201d puede recabar por medios electr\u00f3nicos (principalmente el dominio www.condocasa.mx y la aplicaci\u00f3n Condocasa App), impresos, de manera directa y\/o personal, son los siguientes:<\/p>\n<p><strong>Personales.<\/strong><br \/>\nDatos de identificaci\u00f3n: Nombre completo, fecha y lugar de nacimiento, direcci\u00f3n, tel\u00e9fono particular, celular, estado civil, empresa en la que trabaja, n\u00famero de hijos, edad de sus hijos, sexo de usted, domicilio de su trabajo, puesto, antig\u00fcedad en la empresa, e-mail, c\u00e9dula profesional, licencia de conducir, acta de matrimonio, acta de nacimiento, n\u00famero de su credencial INE, copia de pasaporte, Clave \u00danica de Registro de Poblaci\u00f3n (CURP), Registro Federal de Contribuyentes (RFC), comprobante de domicilio, r\u00e9gimen conyugal, escolaridad, referencia familiar, referencia personal, imagen en cualquier formato y su firma.<\/p>\n<p>Datos de identificaci\u00f3n de su c\u00f3nyuge: Nombre completo, fecha de nacimiento, direcci\u00f3n, n\u00famero de credencial INE, Clave \u00danica de Registro de Poblaci\u00f3n (CURP), puesto, antig\u00fcedad en la empresa, direcci\u00f3n donde trabaja, tel\u00e9fono del trabajo, e imagen en cualquier formato.<\/p>\n<p>Datos de identificaci\u00f3n del coacreditado: Nombre completo, empresa en la que labora, fecha de nacimiento, domicilio del trabajo, puesto, tel\u00e9fono de trabajo, antig\u00fcedad en el trabajo e imagen en cualquier formato.<\/p>\n<p><strong>Patrimoniales.<\/strong><br \/>\nIngreso en su trabajo actual y anterior, NSS, ingreso del coacreditado, recibo de sueldo, precalificaci\u00f3n INFONAVIT o bancario, NSS del c\u00f3nyuge, estado de cuenta de su n\u00f3mina y salario del c\u00f3nyuge.<\/p>\n<h2>Objetivo del Tratamiento de sus Datos<\/h2>\n<p>\u201cCONDOCASA\u201d podr\u00e1 recabar los datos antes se\u00f1alados para las siguientes finalidades primarias, mismas que dan origen y son necesarias para la relaci\u00f3n jur\u00eddica entre \u201cCONDOCASA\u201d y el titular:<\/p>\n<ul>\n<li>Venta de inmuebles.<\/li>\n<li>Generaci\u00f3n de una base de datos para dar seguimiento a interesado.<\/li>\n<li>Estudios Socioecon\u00f3micos y sociodemogr\u00e1ficos.<\/li>\n<li>Procesos administrativos como devoluciones, facturaciones, hist\u00f3ricos de compras, procesamiento de solicitudes, cobro, aclaraciones, investigaci\u00f3n.<\/li>\n<li>Control y realizaci\u00f3n de los procesos subsecuentes de consulta, cr\u00e9ditos, titulaci\u00f3n y escrituraci\u00f3n.<\/li>\n<li>Mercadotecnia, publicidad y prospecci\u00f3n comercial.<\/li>\n<\/ul>\n<p>De manera adicional, \u201cCONDOCASA\u201d utilizar\u00e1 sus datos personales para las siguientes finalidades secundarias, que nos permiten y facilitan brindarle un mejor servicio:<\/p>\n<ul>\n<li>Recopilaci\u00f3n de noticias.<\/li>\n<li>Mejora del control y realizaci\u00f3n de los procesos subsecuentes de consulta, cr\u00e9ditos, titulaci\u00f3n y escrituraci\u00f3n.<\/li>\n<li>Implementaci\u00f3n de mejoras en productos y servicios.<\/li>\n<li>Comunicaci\u00f3n de promociones direccionadas.<\/li>\n<li>Invitaciones a eventos especiales.<\/li>\n<li>Atenci\u00f3n al cliente, felicitaciones, mensajes de bienvenida.<\/li>\n<\/ul>\n<h2>Transmisi\u00f3n de Datos Personales<\/h2>\n<p>\u201cCONDOCASA\u201d podr\u00e1, para las finalidades citadas, transferir sus datos a \u201cEncargados\u201d en t\u00e9rminos de la Ley en la materia, a terceros mexicanos o extranjeros en los que se apoye para su operaci\u00f3n, y a terceros del sector inmobiliario, construcci\u00f3n, administradoras de fraccionamientos, as\u00ed como a sus subsidiarias, afiliadas y controladora.<\/p>\n<p>Acceso, rectificaci\u00f3n o cancelaci\u00f3n de sus datos personales u oposici\u00f3n para su uso (tambi\u00e9n conocido como ARCO).<\/p>\n<p>Como titular de los datos, usted tiene el derecho de:<\/p>\n<ul>\n<li>Acceso a sus datos personales y as\u00ed conocer los detalles de su tratamiento.<\/li>\n<li>Rectificaci\u00f3n en caso de que sean inexactos o incompletos.<\/li>\n<li>Cancelaci\u00f3n cuando considere que no se requieren para alguna de las finalidades se\u00f1aladas, est\u00e9n siendo utilizados para finalidades no consentidas o haya finalizado la relaci\u00f3n contractual o de servicio.<\/li>\n<li>Oposici\u00f3n al tratamiento de los mismos para fines espec\u00edficos (conjuntamente, los \u201cDerechos ARCO\u201d).<\/li>\n<\/ul>\n<p>Para ejercer sus Derechos ARCO, usted deber\u00e1 enviar una solicitud, misma que puede descargar directamente del website www.condocasa.mx, en atenci\u00f3n al Oficial de Privacidad, a la siguiente direcci\u00f3n de correo info@condocasa.mx.<\/p>\n<p>Le informamos que el ejercicio de los Derechos ARCO ser\u00e1 gratuito, pero si usted reitera su solicitud en un periodo menor a doce meses, tendr\u00e1 el costo definido por Ley, a menos que existan modificaciones sustanciales al Aviso de Privacidad, que motiven nuevas solicitudes ARCO. Usted deber\u00e1 cubrir los gastos justificados de env\u00edo o el costo de reproducci\u00f3n en copias u otros formatos y, en su caso, el costo de la certificaci\u00f3n de documentos.<\/p>\n<h2>Revocaci\u00f3n del consentimiento para el tratamiento de datos personales.<\/h2>\n<p>Se puede revocar el consentimiento para el tratamiento de sus datos personales de la misma forma por la cual otorg\u00f3 su consentimiento. De tal forma que, si se solicita una confirmaci\u00f3n a su solicitud, \u201cCONDOCASA\u201d a trav\u00e9s del Oficial de Privacidad le responder\u00e1 de forma expresa, terminando la relaci\u00f3n jur\u00eddica existente con \u201cCONDOCASA\u201d.<\/p>\n<p><strong>Proceso de respuesta:<\/strong><\/p>\n<p>El Oficial de Privacidad responder\u00e1 su Solicitud ARCO y los motivos de su decisi\u00f3n mediante un correo electr\u00f3nico en un plazo m\u00e1ximo de 20 d\u00edas h\u00e1biles contados desde el d\u00eda en que se haya recibido. En caso de que la Solicitud ARCO se conteste de manera afirmativa o procedente, los cambios solicitados se har\u00e1n en un plazo m\u00e1ximo de 15 d\u00edas h\u00e1biles. El Responsable podr\u00e1 notificarle dentro de los plazos referidos en este p\u00e1rrafo la pr\u00f3rroga de los mismos, por una sola vez, por un periodo igual al original.<\/p>\n<p>Es posible que \u201cCONDOCASA\u201d pueda negar el acceso para que usted ejerza sus Derechos ARCO, en los supuestos que lo permita la ley, por lo que deber\u00e1 informar a usted el motivo de tal decisi\u00f3n. Dicha negativa podr\u00e1 ser parcial, en cuyo caso \u201cCONDOCASA\u201d efectuar\u00e1 el acceso, rectificaci\u00f3n, cancelaci\u00f3n u oposici\u00f3n en la parte procedente.<\/p>\n<h2>L\u00edmites al uso de sus datos personales.<\/h2>\n<p>Como una opci\u00f3n para limitar el alcance de tratamiento de sus datos usted podr\u00e1 listarse en el Registro P\u00fablico para evitar Publicidad, dependencia a cargo de la Procuradur\u00eda Federal del Consumidor. Para m\u00e1s informaci\u00f3n sobre este registro, puede consultar el portal de Internet de la PROFECO o bien, ponerse en contacto directo con \u00e9sta.<\/p>\n<h2>Tecnolog\u00edas de monitoreo en el sitio web de CONDOCASA<\/h2>\n<p>En nuestra p\u00e1gina de Internet utilizamos tecnolog\u00edas de monitoreo como cookies y web beacons o web bugs (t\u00e9rminos definidos en l\u00edneas subsecuentes) a trav\u00e9s de las cuales es posible monitorear sus visitas como usuario de Internet, brindarle un mejor servicio y experiencia de usuario al navegar en nuestra p\u00e1gina, as\u00ed como ofrecerle a trav\u00e9s de banners promocionales nuevos productos y servicios basados en sus preferencias. Los datos personales que podr\u00edamos obtener de estas tecnolog\u00edas de rastreo son los siguientes: horario de navegaci\u00f3n, tiempo de navegaci\u00f3n en nuestra p\u00e1gina de Internet, secciones consultadas. De la misma forma, el portal de \u201cCONDOCASA\u201d tiene ligas a otros sitios externos, de los cuales el contenido y pol\u00edticas de privacidad no son su responsabilidad.<\/p>\n<p>Los datos personales obtenidos a trav\u00e9s de estas tecnolog\u00edas se podr\u00e1n compartir con terceros mexicanos o extranjeros en los que \u201cCONDOCASA\u201d se apoye para su operaci\u00f3n, as\u00ed como con sus subsidiarias, afiliadas y controladora.<\/p>\n<p>Si no se desea utilizar las tecnolog\u00edas de rastreo podr\u00e1 deshabilitarlas siguiendo los pasos que su respectivo navegador establezca en la Barra de Men\u00fa, Ayuda (Help).<\/p>\n<p>Definiciones.- Cookie es un archivo de datos que se almacenan en el disco duro del equipo de c\u00f3mputo o del dispositivo de comunicaci\u00f3n electr\u00f3nica de un usuario al navegar por internet, el cual permite intercambiar informaci\u00f3n entre dicho sitio y el navegador del usuario. Esa informaci\u00f3n puede revelar medios de identificaci\u00f3n de la sesi\u00f3n, autentificaci\u00f3n o preferencias del usuario, as\u00ed como cualquier dato almacenado por el navegador respecto al sitio web.<\/p>\n<p>Y un web beacon es una imagen visible u oculta en un sitio web o en un correo electr\u00f3nico, utilizada para monitorear el comportamiento de los usuarios por dichos medios.<\/p>\n<h2>Cambios al Aviso de Privacidad<\/h2>\n<p>El presente aviso de privacidad puede sufrir cambios o actualizaciones derivadas de nuevos requerimientos legales; por las necesidades propias de \u201cCONDOCASA\u201d o por cambios en su modelo de negocio, en el entendido de que toda modificaci\u00f3n al mismo se le har\u00e1 conocer a usted por medio de la publicaci\u00f3n de este aviso en la p\u00e1gina de internet de \u201cCONDOCASA\u201d www.condocasa.mx y en la aplicaci\u00f3n CondoApp, por lo que le recomendamos verificarla con frecuencia.<\/p>\n<p>\u201cCONDOCASA\u201d garantiza el buen uso de sus datos. En el posible evento de que ocurra una vulneraci\u00f3n de seguridad en cualquier fase del tratamiento de datos personales, que afecte de forma significativa sus derechos patrimoniales o morales, el Oficial de Privacidad comunicar\u00e1 de forma inmediata en la p\u00e1gina de internet de \u201cCONDOCASA\u201d el suceso de vulneraci\u00f3n de seguridad, para que usted pueda tomar las medidas necesarias correspondientes para la defensa de sus derechos.<\/p>\n<h2>Herramientas de Protecci\u00f3n<\/h2>\n<p>En \u201cCONDOCASA\u201d contamos con controles internos en el manejo de la informaci\u00f3n y medidas de seguridad, incluyendo herramientas para encriptar y autentificar informaci\u00f3n que mantienen su informaci\u00f3n personal a salvo. Los datos personales se procesan a trav\u00e9s de sistemas de redes seguras y solamente puede acceder a ella un n\u00famero limitado de personas con derechos especiales, a quienes se les exige que mantengan dicha informaci\u00f3n confidencial.<\/p>\n<p>Si usted considera que su derecho a la protecci\u00f3n de sus datos personales ha sido lesionado por alguna conducta u omisi\u00f3n de nuestra parte, le sugerimos visitar la p\u00e1gina oficial www.ifai.org.mx<\/p>\n<p>SI EL TITULAR NO EST\u00c1 DE ACUERDO CON LOS TRATAMIENTOS BAJO ESTE AVISO DEBE MANIFESTARLO MEDIANTE LOS MECANISMOS AQU\u00cd PREVISTOS Y NO PROPORCIONAR SUS DATOS.<\/p>\n","protected":false},"excerpt":{"rendered":"<p>Fecha de Creaci\u00f3n: 25 de febrero de 2021 Cumpliendo con lo establecido en la Ley Federal de Protecci\u00f3n de Datos Personales en Posesi\u00f3n de Particulares, en adelante la \u201cLey\u201d; CENTRO DE ASESOR\u00cdA INMOBILIARIA S.A. DE C.V., CONSTRUCTORES DE DESARROLLADORES Y ASOCIADOS S.A. DE C.V. SEDE INMOBILIARIA, S.A. DE C.V., en adelante y todas en conjunto [&hellip;]<\/p>\n","protected":false},"author":1,"featured_media":0,"parent":0,"menu_order":0,"comment_status":"closed","ping_status":"closed","template":"page-simple.php","meta":{"footnotes":""},"class_list":["post-120","page","type-page","status-publish","hentry"],"acf":[],"yoast_head":"<!-- This site is optimized with the Yoast SEO plugin v21.8 - https:\/\/yoast.com\/wordpress\/plugins\/seo\/ -->\n<title>Aviso de privacidad - Condocasa Super Sale<\/title>\n<meta name=\"robots\" content=\"index, follow, max-snippet:-1, max-image-preview:large, max-video-preview:-1\" \/>\n<link rel=\"canonical\" href=\"https:\/\/shotpruebas.com\/super-sale\/aviso-de-privacidad\/\" \/>\n<meta property=\"og:locale\" content=\"es_ES\" \/>\n<meta property=\"og:type\" content=\"article\" \/>\n<meta property=\"og:title\" content=\"Aviso de privacidad - Condocasa Super Sale\" \/>\n<meta property=\"og:description\" content=\"Fecha de Creaci\u00f3n: 25 de febrero de 2021 Cumpliendo con lo establecido en la Ley Federal de Protecci\u00f3n de Datos Personales en Posesi\u00f3n de Particulares, en adelante la \u201cLey\u201d; CENTRO DE ASESOR\u00cdA INMOBILIARIA S.A. DE C.V., CONSTRUCTORES DE DESARROLLADORES Y ASOCIADOS S.A. DE C.V. SEDE INMOBILIARIA, S.A. DE C.V., en adelante y todas en conjunto [&hellip;]\" \/>\n<meta property=\"og:url\" content=\"https:\/\/shotpruebas.com\/super-sale\/aviso-de-privacidad\/\" \/>\n<meta property=\"og:site_name\" content=\"Condocasa Super Sale\" \/>\n<meta property=\"article:modified_time\" content=\"2023-12-04T19:44:27+00:00\" \/>\n<meta name=\"twitter:card\" content=\"summary_large_image\" \/>\n<meta name=\"twitter:label1\" content=\"Tiempo de lectura\" \/>\n\t<meta name=\"twitter:data1\" content=\"8 minutos\" \/>\n<script type=\"application\/ld+json\" class=\"yoast-schema-graph\">{\"@context\":\"https:\/\/schema.org\",\"@graph\":[{\"@type\":\"WebPage\",\"@id\":\"https:\/\/shotpruebas.com\/super-sale\/aviso-de-privacidad\/\",\"url\":\"https:\/\/shotpruebas.com\/super-sale\/aviso-de-privacidad\/\",\"name\":\"Aviso de privacidad - Condocasa Super Sale\",\"isPartOf\":{\"@id\":\"https:\/\/shotpruebas.com\/super-sale\/#website\"},\"datePublished\":\"2023-12-04T15:42:06+00:00\",\"dateModified\":\"2023-12-04T19:44:27+00:00\",\"breadcrumb\":{\"@id\":\"https:\/\/shotpruebas.com\/super-sale\/aviso-de-privacidad\/#breadcrumb\"},\"inLanguage\":\"es\",\"potentialAction\":[{\"@type\":\"ReadAction\",\"target\":[\"https:\/\/shotpruebas.com\/super-sale\/aviso-de-privacidad\/\"]}]},{\"@type\":\"BreadcrumbList\",\"@id\":\"https:\/\/shotpruebas.com\/super-sale\/aviso-de-privacidad\/#breadcrumb\",\"itemListElement\":[{\"@type\":\"ListItem\",\"position\":1,\"name\":\"Portada\",\"item\":\"https:\/\/shotpruebas.com\/super-sale\/\"},{\"@type\":\"ListItem\",\"position\":2,\"name\":\"Aviso de privacidad\"}]},{\"@type\":\"WebSite\",\"@id\":\"https:\/\/shotpruebas.com\/super-sale\/#website\",\"url\":\"https:\/\/shotpruebas.com\/super-sale\/\",\"name\":\"Condocasa Super Sale\",\"description\":\"\",\"potentialAction\":[{\"@type\":\"SearchAction\",\"target\":{\"@type\":\"EntryPoint\",\"urlTemplate\":\"https:\/\/shotpruebas.com\/super-sale\/?s={search_term_string}\"},\"query-input\":\"required name=search_term_string\"}],\"inLanguage\":\"es\"}]}<\/script>\n<!-- \/ Yoast SEO plugin. -->","yoast_head_json":{"title":"Aviso de privacidad - Condocasa Super Sale","robots":{"index":"index","follow":"follow","max-snippet":"max-snippet:-1","max-image-preview":"max-image-preview:large","max-video-preview":"max-video-preview:-1"},"canonical":"https:\/\/shotpruebas.com\/super-sale\/aviso-de-privacidad\/","og_locale":"es_ES","og_type":"article","og_title":"Aviso de privacidad - Condocasa Super Sale","og_description":"Fecha de Creaci\u00f3n: 25 de febrero de 2021 Cumpliendo con lo establecido en la Ley Federal de Protecci\u00f3n de Datos Personales en Posesi\u00f3n de Particulares, en adelante la \u201cLey\u201d; CENTRO DE ASESOR\u00cdA INMOBILIARIA S.A. DE C.V., CONSTRUCTORES DE DESARROLLADORES Y ASOCIADOS S.A. DE C.V. SEDE INMOBILIARIA, S.A. DE C.V., en adelante y todas en conjunto [&hellip;]","og_url":"https:\/\/shotpruebas.com\/super-sale\/aviso-de-privacidad\/","og_site_name":"Condocasa Super Sale","article_modified_time":"2023-12-04T19:44:27+00:00","twitter_card":"summary_large_image","twitter_misc":{"Tiempo de lectura":"8 minutos"},"schema":{"@context":"https:\/\/schema.org","@graph":[{"@type":"WebPage","@id":"https:\/\/shotpruebas.com\/super-sale\/aviso-de-privacidad\/","url":"https:\/\/shotpruebas.com\/super-sale\/aviso-de-privacidad\/","name":"Aviso de privacidad - Condocasa Super Sale","isPartOf":{"@id":"https:\/\/shotpruebas.com\/super-sale\/#website"},"datePublished":"2023-12-04T15:42:06+00:00","dateModified":"2023-12-04T19:44:27+00:00","breadcrumb":{"@id":"https:\/\/shotpruebas.com\/super-sale\/aviso-de-privacidad\/#breadcrumb"},"inLanguage":"es","potentialAction":[{"@type":"ReadAction","target":["https:\/\/shotpruebas.com\/super-sale\/aviso-de-privacidad\/"]}]},{"@type":"BreadcrumbList","@id":"https:\/\/shotpruebas.com\/super-sale\/aviso-de-privacidad\/#breadcrumb","itemListElement":[{"@type":"ListItem","position":1,"name":"Portada","item":"https:\/\/shotpruebas.com\/super-sale\/"},{"@type":"ListItem","position":2,"name":"Aviso de privacidad"}]},{"@type":"WebSite","@id":"https:\/\/shotpruebas.com\/super-sale\/#website","url":"https:\/\/shotpruebas.com\/super-sale\/","name":"Condocasa Super Sale","description":"","potentialAction":[{"@type":"SearchAction","target":{"@type":"EntryPoint","urlTemplate":"https:\/\/shotpruebas.com\/super-sale\/?s={search_term_string}"},"query-input":"required name=search_term_string"}],"inLanguage":"es"}]}},"_links":{"self":[{"href":"https:\/\/shotpruebas.com\/super-sale\/wp-json\/wp\/v2\/pages\/120","targetHints":{"allow":["GET"]}}],"collection":[{"href":"https:\/\/shotpruebas.com\/super-sale\/wp-json\/wp\/v2\/pages"}],"about":[{"href":"https:\/\/shotpruebas.com\/super-sale\/wp-json\/wp\/v2\/types\/page"}],"author":[{"embeddable":true,"href":"https:\/\/shotpruebas.com\/super-sale\/wp-json\/wp\/v2\/users\/1"}],"replies":[{"embeddable":true,"href":"https:\/\/shotpruebas.com\/super-sale\/wp-json\/wp\/v2\/comments?post=120"}],"version-history":[{"count":4,"href":"https:\/\/shotpruebas.com\/super-sale\/wp-json\/wp\/v2\/pages\/120\/revisions"}],"predecessor-version":[{"id":137,"href":"https:\/\/shotpruebas.com\/super-sale\/wp-json\/wp\/v2\/pages\/120\/revisions\/137"}],"wp:attachment":[{"href":"https:\/\/shotpruebas.com\/super-sale\/wp-json\/wp\/v2\/media?parent=120"}],"curies":[{"name":"wp","href":"https:\/\/api.w.org\/{rel}","templated":true}]}}